{"id":2950,"date":"2024-09-28T10:32:00","date_gmt":"2024-09-28T10:32:00","guid":{"rendered":"http:\/\/www.zimmerei-holzbau-schmoelz.de\/wordpress\/?page_id=2950"},"modified":"2025-01-03T23:19:07","modified_gmt":"2025-01-03T23:19:07","slug":"as-home-fullscreen-wall","status":"publish","type":"page","link":"https:\/\/www.zimmerei-holzbau-schmoelz.de\/","title":{"rendered":"AS &#8211; Home &#8211; Fullscreen Wall"},"content":{"rendered":"\t\t<div data-elementor-type=\"wp-page\" data-elementor-id=\"2950\" class=\"elementor elementor-2950\" data-elementor-post-type=\"page\">\n\t\t\t\t\t\t<section class=\"elementor-section elementor-top-section elementor-element elementor-element-4e87f9d wrapper-fuller light-section inherit-header-color elementor-default-width content-max-width elementor-section-height-default elementor-section-height-default\" data-id=\"4e87f9d\" data-element_type=\"section\">\n\t\t\t\t\t\t<div class=\"elementor-container elementor-column-gap-default\">\n\t\t\t\t\t<div class=\"elementor-column elementor-col-100 elementor-top-column elementor-element elementor-element-b0a5fd6\" data-id=\"b0a5fd6\" data-element_type=\"column\">\n\t\t\t<div class=\"elementor-widget-wrap elementor-element-populated\">\n\t\t\t\t\t\t<div class=\"elementor-element elementor-element-3368a60 elementor-widget elementor-widget-fullscreenwall\" data-id=\"3368a60\" data-element_type=\"widget\" data-widget_type=\"fullscreenwall.default\">\n\t\t\t\t<div class=\"elementor-widget-container\">\n\t\t\t<!--Fullscreen Wall-->\n<div class=\"portfolio-showcase fullscreen-wall-showcase\" data-barba-namespace=\"fs-wall\">\n\n    <!--Projects Wrapper-->\n    <div class=\"fw-projects\">\n\n                        <!-- Project -->\n                <div data-image-url=\"https:\/\/www.zimmerei-holzbau-schmoelz.de\/wp-content\/uploads\/2024\/09\/Holzrahmenbau_05-scaled.jpeg\" class=\"fw-project\">\n\n                    \n\n\n                    <!-- Project URL --><a href=\"https:\/\/www.zimmerei-holzbau-schmoelz.de\/?portfolio=as-holzrahmenbau\">\n\n                        <!-- Project Title -->\n                        <div class=\"fw-project-title\">Holzrahmenbau                        <\/div>\n                        <!--\/ Project Title -->\n                                                <!-- Project Category-->\n                        <div class=\"fw-project-category\">\n\n                                                    <\/div>\n                        <!--\/ Project Caegory-->\n\n                                            <\/a>\n\n                <\/div>\n                <!--\/ Project -->\n                                <!-- Project -->\n                <div data-image-url=\"https:\/\/www.zimmerei-holzbau-schmoelz.de\/wp-content\/uploads\/2024\/09\/Dachstuhl_01.jpeg\" class=\"fw-project\">\n\n                    \n\n\n                    <!-- Project URL --><a href=\"https:\/\/www.zimmerei-holzbau-schmoelz.de\/?portfolio=dachstuehle\">\n\n                        <!-- Project Title -->\n                        <div class=\"fw-project-title\">Dachst\u00fchle                        <\/div>\n                        <!--\/ Project Title -->\n                                                <!-- Project Category-->\n                        <div class=\"fw-project-category\">\n\n                                                    <\/div>\n                        <!--\/ Project Caegory-->\n\n                                            <\/a>\n\n                <\/div>\n                <!--\/ Project -->\n                                <!-- Project -->\n                <div data-image-url=\"https:\/\/www.zimmerei-holzbau-schmoelz.de\/wp-content\/uploads\/2024\/09\/Zink_Ziegel.jpeg\" class=\"fw-project\">\n\n                    \n\n\n                    <!-- Project URL --><a href=\"https:\/\/www.zimmerei-holzbau-schmoelz.de\/?portfolio=carports\">\n\n                        <!-- Project Title -->\n                        <div class=\"fw-project-title\">Carports                        <\/div>\n                        <!--\/ Project Title -->\n                                                <!-- Project Category-->\n                        <div class=\"fw-project-category\">\n\n                                                    <\/div>\n                        <!--\/ Project Caegory-->\n\n                                            <\/a>\n\n                <\/div>\n                <!--\/ Project -->\n                                <!-- Project -->\n                <div data-image-url=\"https:\/\/www.zimmerei-holzbau-schmoelz.de\/wp-content\/uploads\/2024\/12\/Wintergarten_01.jpeg\" class=\"fw-project\">\n\n                    \n\n\n                    <!-- Project URL --><a href=\"https:\/\/www.zimmerei-holzbau-schmoelz.de\/?portfolio=fachwerkbau\">\n\n                        <!-- Project Title -->\n                        <div class=\"fw-project-title\">Winterg\u00e4rten                        <\/div>\n                        <!--\/ Project Title -->\n                                                <!-- Project Category-->\n                        <div class=\"fw-project-category\">\n\n                                                    <\/div>\n                        <!--\/ Project Caegory-->\n\n                                            <\/a>\n\n                <\/div>\n                <!--\/ Project -->\n                                <!-- Project -->\n                <div data-image-url=\"https:\/\/www.zimmerei-holzbau-schmoelz.de\/wp-content\/uploads\/2024\/12\/Vordach_01.jpeg\" class=\"fw-project\">\n\n                    \n\n\n                    <!-- Project URL --><a href=\"https:\/\/www.zimmerei-holzbau-schmoelz.de\/?portfolio=vordaecher\">\n\n                        <!-- Project Title -->\n                        <div class=\"fw-project-title\">Vord\u00e4cher                        <\/div>\n                        <!--\/ Project Title -->\n                                                <!-- Project Category-->\n                        <div class=\"fw-project-category\">\n\n                                                    <\/div>\n                        <!--\/ Project Caegory-->\n\n                                            <\/a>\n\n                <\/div>\n                <!--\/ Project -->\n                \n            <\/div>\n            <!--\/Projects Wrapper-->\n\n            <!--Project Images Wrapper-->\n            <div class=\"fw-images\"><\/div>\n            <!--\/Project Images Wrapper-->\n\n            <!--Showcase Footer-->\n            <div class=\"showcase-footer\">\n                <!--Showcase Footer Left-->\n            <div class=\"showcase-footer-left\">\n\n            \n            \n        <\/div>\n        <!--\/Showcase Footer Left-->\n\n                <!--Showcase Footer Right-->\n                <div class=\"showcase-footer-right\">\n                    \n                       \n                    <div class=\"fw-cat\"><\/div>\n                    \n                    \n                <\/div>\n                <!--\/Showcase Footer Right-->\n\n            <\/div>\n            <!--\/Showcase Footer-->\n\n        <\/div>\n        <!--\/Fullscreen Wall-->\n        \t\t<\/div>\n\t\t\t\t<\/div>\n\t\t\t\t\t<\/div>\n\t\t<\/div>\n\t\t\t\t\t<\/div>\n\t\t<\/section>\n\t\t\t\t<\/div>\n\t\t","protected":false},"excerpt":{"rendered":"<p>Holzrahmenbau Dachst\u00fchle Carports Winterg\u00e4rten Vord\u00e4cher<\/p>\n","protected":false},"author":1,"featured_media":0,"parent":0,"menu_order":0,"comment_status":"closed","ping_status":"closed","template":"","meta":{"_acf_changed":false,"footnotes":""},"class_list":["post-2950","page","type-page","status-publish","hentry"],"acf":[],"_links":{"self":[{"href":"https:\/\/www.zimmerei-holzbau-schmoelz.de\/index.php?rest_route=\/wp\/v2\/pages\/2950","targetHints":{"allow":["GET"]}}],"collection":[{"href":"https:\/\/www.zimmerei-holzbau-schmoelz.de\/index.php?rest_route=\/wp\/v2\/pages"}],"about":[{"href":"https:\/\/www.zimmerei-holzbau-schmoelz.de\/index.php?rest_route=\/wp\/v2\/types\/page"}],"author":[{"embeddable":true,"href":"https:\/\/www.zimmerei-holzbau-schmoelz.de\/index.php?rest_route=\/wp\/v2\/users\/1"}],"replies":[{"embeddable":true,"href":"https:\/\/www.zimmerei-holzbau-schmoelz.de\/index.php?rest_route=%2Fwp%2Fv2%2Fcomments&post=2950"}],"version-history":[{"count":40,"href":"https:\/\/www.zimmerei-holzbau-schmoelz.de\/index.php?rest_route=\/wp\/v2\/pages\/2950\/revisions"}],"predecessor-version":[{"id":3347,"href":"https:\/\/www.zimmerei-holzbau-schmoelz.de\/index.php?rest_route=\/wp\/v2\/pages\/2950\/revisions\/3347"}],"wp:attachment":[{"href":"https:\/\/www.zimmerei-holzbau-schmoelz.de\/index.php?rest_route=%2Fwp%2Fv2%2Fmedia&parent=2950"}],"curies":[{"name":"wp","href":"https:\/\/api.w.org\/{rel}","templated":true}]}}